{"id":17,"date":"2016-07-15T20:48:45","date_gmt":"2016-07-15T18:48:45","guid":{"rendered":"http:\/\/www.freunde-stadtbuecherei.de\/wp\/?page_id=17"},"modified":"2017-07-07T20:13:52","modified_gmt":"2017-07-07T18:13:52","slug":"der-verein-und-seine-ziele","status":"publish","type":"page","link":"https:\/\/www.freunde-stadtbuecherei.de\/wp\/?page_id=17","title":{"rendered":"Verein"},"content":{"rendered":"<p>Die Freunde der Stadtb\u00fccherei Schorndorf unterst\u00fctzen die Schorndorfer Stadtb\u00fccherei in ihrer Arbeit und agieren\u00a0dar\u00fcber hinaus in deren Interesse in der Lokalpolitik der Stadt, derzeit insbesondere mit Blick auf die Suche nach einem neuen Standort f\u00fcr die B\u00fccherei. Als Verein sind\u00a0wir unabh\u00e4ngig \u2013 einzig geleitet von dem Ziel, das Beste f\u00fcr unsere B\u00fccherei zu erreichen.<\/p>\n<h4>Unsere Ziele im Einzelnen<\/h4>\n<ul>\n<li>Wir st\u00e4rken mit unserer Arbeit die Stadtb\u00fccherei in ihrem bildungspolitischen und kulturellen Auftrag.<\/li>\n<li>Wir fordern eine neue Stadtb\u00fccherei Schorndorf mit zeitgem\u00e4\u00dfer Pr\u00e4sentation der Medien, verbesserter Aufenthaltsqualit\u00e4t f\u00fcr alle Besucher sowie einer besseren Arbeitsumgebung f\u00fcr die Mitarbeiter.<\/li>\n<li>Wir m\u00f6chten die Stadtb\u00fccherei st\u00e4rker ins Stadtgespr\u00e4ch bringen.<\/li>\n<li>Wir setzen ein Zeichen f\u00fcr das Lesen \u2013 Lesen bildet!<\/li>\n<li>Wir engagieren uns mit Veranstaltungen und Aktionen (B\u00fccherflohmarkt, Bibliotheksbesichtigungen, Stand auf dem Weihnachtsmarkt der Vereine etc.).<\/li>\n<\/ul>\n<hr \/>\n<p>Hier finden Sie Dokumente rund um den Verein:<\/p>\n<p><a href=\"https:\/\/www.freunde-stadtbuecherei.de\/wp\/wp-content\/uploads\/2016\/09\/Vereinssatzung_Freunde_Stadtbuecherei.pdf\">Vereinssatzung<\/a><\/p>\n<p><a href=\"https:\/\/www.freunde-stadtbuecherei.de\/wp\/wp-content\/uploads\/2016\/09\/Beitragsordnung_Freundeskreis.pdf\">Beitragsordnung<\/a><\/p>\n<p><a href=\"https:\/\/www.freunde-stadtbuecherei.de\/wp\/wp-content\/uploads\/2016\/09\/Aufnahmeantrag_Freunde_Stadtbuecherei.pdf\">Mitgliedsantrag zum Ausdrucken<\/a><\/p>\n<p><a href=\"https:\/\/www.freunde-stadtbuecherei.de\/wp\/wp-content\/uploads\/2017\/06\/Folder_Freundeskreis_2017.pdf\">Infoflyer 2017<\/a><\/p>\n","protected":false},"excerpt":{"rendered":"<p>Die Freunde der Stadtb\u00fccherei Schorndorf unterst\u00fctzen die Schorndorfer Stadtb\u00fccherei in ihrer Arbeit und agieren\u00a0dar\u00fcber hinaus in deren Interesse in der <a class=\"more-link\" href=\"https:\/\/www.freunde-stadtbuecherei.de\/wp\/?page_id=17\">Weiterlesen\u00a0\u2026<\/a><\/p>\n","protected":false},"author":1,"featured_media":0,"parent":0,"menu_order":0,"comment_status":"closed","ping_status":"closed","template":"","meta":{"footnotes":""},"class_list":["post-17","page","type-page","status-publish","hentry"],"_links":{"self":[{"href":"https:\/\/www.freunde-stadtbuecherei.de\/wp\/index.php?rest_route=\/wp\/v2\/pages\/17","targetHints":{"allow":["GET"]}}],"collection":[{"href":"https:\/\/www.freunde-stadtbuecherei.de\/wp\/index.php?rest_route=\/wp\/v2\/pages"}],"about":[{"href":"https:\/\/www.freunde-stadtbuecherei.de\/wp\/index.php?rest_route=\/wp\/v2\/types\/page"}],"author":[{"embeddable":true,"href":"https:\/\/www.freunde-stadtbuecherei.de\/wp\/index.php?rest_route=\/wp\/v2\/users\/1"}],"replies":[{"embeddable":true,"href":"https:\/\/www.freunde-stadtbuecherei.de\/wp\/index.php?rest_route=%2Fwp%2Fv2%2Fcomments&post=17"}],"version-history":[{"count":10,"href":"https:\/\/www.freunde-stadtbuecherei.de\/wp\/index.php?rest_route=\/wp\/v2\/pages\/17\/revisions"}],"predecessor-version":[{"id":367,"href":"https:\/\/www.freunde-stadtbuecherei.de\/wp\/index.php?rest_route=\/wp\/v2\/pages\/17\/revisions\/367"}],"wp:attachment":[{"href":"https:\/\/www.freunde-stadtbuecherei.de\/wp\/index.php?rest_route=%2Fwp%2Fv2%2Fmedia&parent=17"}],"curies":[{"name":"wp","href":"https:\/\/api.w.org\/{rel}","templated":true}]}}