{"id":19,"date":"2016-07-15T20:49:24","date_gmt":"2016-07-15T18:49:24","guid":{"rendered":"http:\/\/www.freunde-stadtbuecherei.de\/wp\/?page_id=19"},"modified":"2021-02-12T19:14:37","modified_gmt":"2021-02-12T18:14:37","slug":"die-buecherei","status":"publish","type":"page","link":"https:\/\/www.freunde-stadtbuecherei.de\/wp\/?page_id=19","title":{"rendered":"B\u00fccherei"},"content":{"rendered":"<div id=\"attachment_96\" style=\"width: 1033px\" class=\"wp-caption alignnone\"><img loading=\"lazy\" decoding=\"async\" aria-describedby=\"caption-attachment-96\" class=\"wp-image-96 size-full\" src=\"https:\/\/www.freunde-stadtbuecherei.de\/wp\/wp-content\/uploads\/2016\/09\/768px-Stadtbuecherei_Schorndorf_16-12-2010-e1473362567951.jpg\" alt=\"Blick zur Leseterrasse der Stadtb\u00fccherei Schorndorf\" width=\"1023\" height=\"576\" srcset=\"https:\/\/www.freunde-stadtbuecherei.de\/wp\/wp-content\/uploads\/2016\/09\/768px-Stadtbuecherei_Schorndorf_16-12-2010-e1473362567951.jpg 1023w, https:\/\/www.freunde-stadtbuecherei.de\/wp\/wp-content\/uploads\/2016\/09\/768px-Stadtbuecherei_Schorndorf_16-12-2010-e1473362567951-300x169.jpg 300w, https:\/\/www.freunde-stadtbuecherei.de\/wp\/wp-content\/uploads\/2016\/09\/768px-Stadtbuecherei_Schorndorf_16-12-2010-e1473362567951-768x432.jpg 768w, https:\/\/www.freunde-stadtbuecherei.de\/wp\/wp-content\/uploads\/2016\/09\/768px-Stadtbuecherei_Schorndorf_16-12-2010-e1473362567951-350x197.jpg 350w, https:\/\/www.freunde-stadtbuecherei.de\/wp\/wp-content\/uploads\/2016\/09\/768px-Stadtbuecherei_Schorndorf_16-12-2010-e1473362567951-860x484.jpg 860w\" sizes=\"auto, (max-width: 1023px) 100vw, 1023px\" \/><p id=\"caption-attachment-96\" class=\"wp-caption-text\">Blick zur Leseterrasse der Stadtb\u00fccherei Schorndorf<\/p><\/div>\n<p>Am heutigen Standort z\u00e4hlt die Stadtb\u00fccherei circa 60.000 Besucher im Jahr. Sie geh\u00f6rt damit zu den am st\u00e4rksten frequentierten Einrichtungen der Stadt Schorndorf.<\/p>\n<p>Erfahrungen aus anderen Kommunen zeigen, dass ein B\u00fcchereineubau einen starken Anstieg der Besucherzahlen bewirkt. In einer neuen Stadtb\u00fccherei kann man daher von j\u00e4hrlich mindestens 100.000 Besuchern ausgehen, bei 250 \u00d6ffnungstagen sind das 400 Besucher t\u00e4glich.<\/p>\n<p>Auf 650 m<sup>2<\/sup> werden heute etwa 49.000 Medieneinheiten angeboten:<\/p>\n<ul>\n<li>Sachliteratur<\/li>\n<li>Romane<\/li>\n<li>Kinder-\/Jugendliteratur<\/li>\n<li>Zeitschriftenhefte<\/li>\n<li>DVDs und Konsolenspiele<\/li>\n<li>Gesellschaftsspiele<\/li>\n<li>eMedien der eBibliothek Rems-Murr<\/li>\n<\/ul>\n<p>Pro Jahr erzielt die B\u00fccherei damit 260.000 Entleihungen.<\/p>\n<p class=\"redstrong\">ABER:<\/p>\n<ul class=\"redstrong\">\n<li>Heute werden die R\u00e4ume den Anforderungen an eine moderne B\u00fccherei nicht mehr gerecht, sowohl mit Blick auf die Nutzer als auch auf die Bibliotheksmitarbeiter.<\/li>\n<li>Eine zeitgem\u00e4\u00dfe Pr\u00e4sentation des Medienangebotes ist nicht m\u00f6glich.<\/li>\n<li>Veranstaltungen f\u00fcr Leser, Kinderg\u00e4rten und Schulen sind nur unter einfachsten Bedingungen realisierbar.<\/li>\n<li>Die letzte Erweiterung\u00a0erfolgte 1987.<\/li>\n<\/ul>\n<hr \/>\n<p><a href=\"http:\/\/www.stadtbuecherei-schorndorf.de\">Website der Stadtb\u00fccherei Schorndorf, inkl. Bestandsrecherche und Kontofunktionen<\/a><\/p>\n<p><a href=\"https:\/\/de.wikipedia.org\/wiki\/Stadtb%C3%BCcherei_Schorndorf\">Wikipedia-Eintrag der Stadtb\u00fccherei Schorndorf<\/a><\/p>\n","protected":false},"excerpt":{"rendered":"<p>Am heutigen Standort z\u00e4hlt die Stadtb\u00fccherei circa 60.000 Besucher im Jahr. Sie geh\u00f6rt damit zu den am st\u00e4rksten frequentierten Einrichtungen <a class=\"more-link\" href=\"https:\/\/www.freunde-stadtbuecherei.de\/wp\/?page_id=19\">Weiterlesen\u00a0\u2026<\/a><\/p>\n","protected":false},"author":1,"featured_media":0,"parent":0,"menu_order":0,"comment_status":"closed","ping_status":"closed","template":"","meta":{"footnotes":""},"class_list":["post-19","page","type-page","status-publish","hentry"],"_links":{"self":[{"href":"https:\/\/www.freunde-stadtbuecherei.de\/wp\/index.php?rest_route=\/wp\/v2\/pages\/19","targetHints":{"allow":["GET"]}}],"collection":[{"href":"https:\/\/www.freunde-stadtbuecherei.de\/wp\/index.php?rest_route=\/wp\/v2\/pages"}],"about":[{"href":"https:\/\/www.freunde-stadtbuecherei.de\/wp\/index.php?rest_route=\/wp\/v2\/types\/page"}],"author":[{"embeddable":true,"href":"https:\/\/www.freunde-stadtbuecherei.de\/wp\/index.php?rest_route=\/wp\/v2\/users\/1"}],"replies":[{"embeddable":true,"href":"https:\/\/www.freunde-stadtbuecherei.de\/wp\/index.php?rest_route=%2Fwp%2Fv2%2Fcomments&post=19"}],"version-history":[{"count":10,"href":"https:\/\/www.freunde-stadtbuecherei.de\/wp\/index.php?rest_route=\/wp\/v2\/pages\/19\/revisions"}],"predecessor-version":[{"id":672,"href":"https:\/\/www.freunde-stadtbuecherei.de\/wp\/index.php?rest_route=\/wp\/v2\/pages\/19\/revisions\/672"}],"wp:attachment":[{"href":"https:\/\/www.freunde-stadtbuecherei.de\/wp\/index.php?rest_route=%2Fwp%2Fv2%2Fmedia&parent=19"}],"curies":[{"name":"wp","href":"https:\/\/api.w.org\/{rel}","templated":true}]}}