{"id":27,"date":"2016-07-15T21:02:15","date_gmt":"2016-07-15T19:02:15","guid":{"rendered":"http:\/\/www.freunde-stadtbuecherei.de\/wp\/?page_id=27"},"modified":"2016-12-04T19:21:51","modified_gmt":"2016-12-04T18:21:51","slug":"spenden-2","status":"publish","type":"page","link":"https:\/\/www.freunde-stadtbuecherei.de\/wp\/?page_id=27","title":{"rendered":"Mithelfen \/ Spenden"},"content":{"rendered":"<div id=\"attachment_79\" style=\"width: 1034px\" class=\"wp-caption alignnone\"><img loading=\"lazy\" decoding=\"async\" aria-describedby=\"caption-attachment-79\" class=\"wp-image-79 size-full\" src=\"https:\/\/www.freunde-stadtbuecherei.de\/wp\/wp-content\/uploads\/2016\/09\/20160812_100908-e1473362231292.jpg\" alt=\"Spielespende 2016\" width=\"1024\" height=\"576\" \/><p id=\"caption-attachment-79\" class=\"wp-caption-text\">Spielespende 2016<\/p><\/div>\n<p>Wir freuen uns \u00fcber Ihren Beitrag. Der Verein kann seine Aufgaben nur mit Hilfe Ihrer Unterst\u00fctzung erf\u00fcllen. Werden Sie Mitglied, packen Sie mit an oder greifen\u00a0Sie uns finanziell unter die Arme!<\/p>\n<p>Danke!<\/p>\n<p>Freunde der Stadtb\u00fccherei Schorndorf e.V.<br \/>\nKreissparkasse Waiblingen<br \/>\nIBAN: DE66 6025 0010 0015 1114 72<br \/>\nBIC: SOLADES1WBN<\/p>\n<p>&nbsp;<\/p>\n","protected":false},"excerpt":{"rendered":"<p>Wir freuen uns \u00fcber Ihren Beitrag. Der Verein kann seine Aufgaben nur mit Hilfe Ihrer Unterst\u00fctzung erf\u00fcllen. Werden Sie Mitglied, <a class=\"more-link\" href=\"https:\/\/www.freunde-stadtbuecherei.de\/wp\/?page_id=27\">Weiterlesen\u00a0\u2026<\/a><\/p>\n","protected":false},"author":1,"featured_media":0,"parent":0,"menu_order":0,"comment_status":"closed","ping_status":"closed","template":"","meta":{"footnotes":""},"class_list":["post-27","page","type-page","status-publish","hentry"],"_links":{"self":[{"href":"https:\/\/www.freunde-stadtbuecherei.de\/wp\/index.php?rest_route=\/wp\/v2\/pages\/27","targetHints":{"allow":["GET"]}}],"collection":[{"href":"https:\/\/www.freunde-stadtbuecherei.de\/wp\/index.php?rest_route=\/wp\/v2\/pages"}],"about":[{"href":"https:\/\/www.freunde-stadtbuecherei.de\/wp\/index.php?rest_route=\/wp\/v2\/types\/page"}],"author":[{"embeddable":true,"href":"https:\/\/www.freunde-stadtbuecherei.de\/wp\/index.php?rest_route=\/wp\/v2\/users\/1"}],"replies":[{"embeddable":true,"href":"https:\/\/www.freunde-stadtbuecherei.de\/wp\/index.php?rest_route=%2Fwp%2Fv2%2Fcomments&post=27"}],"version-history":[{"count":9,"href":"https:\/\/www.freunde-stadtbuecherei.de\/wp\/index.php?rest_route=\/wp\/v2\/pages\/27\/revisions"}],"predecessor-version":[{"id":275,"href":"https:\/\/www.freunde-stadtbuecherei.de\/wp\/index.php?rest_route=\/wp\/v2\/pages\/27\/revisions\/275"}],"wp:attachment":[{"href":"https:\/\/www.freunde-stadtbuecherei.de\/wp\/index.php?rest_route=%2Fwp%2Fv2%2Fmedia&parent=27"}],"curies":[{"name":"wp","href":"https:\/\/api.w.org\/{rel}","templated":true}]}}