{"id":67,"date":"2016-09-04T21:27:20","date_gmt":"2016-09-04T19:27:20","guid":{"rendered":"https:\/\/www.freunde-stadtbuecherei.de\/wp\/?page_id=67"},"modified":"2023-07-12T17:07:30","modified_gmt":"2023-07-12T15:07:30","slug":"standortdiskussion","status":"publish","type":"page","link":"https:\/\/www.freunde-stadtbuecherei.de\/wp\/?page_id=67","title":{"rendered":"Die neue B\u00fccherei kommt"},"content":{"rendered":"\n<figure class=\"wp-block-image size-large\"><img loading=\"lazy\" decoding=\"async\" width=\"1024\" height=\"522\" src=\"https:\/\/www.freunde-stadtbuecherei.de\/wp\/wp-content\/uploads\/2023\/06\/IMG_2752x-1024x522.jpg\" alt=\"\" class=\"wp-image-842\" srcset=\"https:\/\/www.freunde-stadtbuecherei.de\/wp\/wp-content\/uploads\/2023\/06\/IMG_2752x-1024x522.jpg 1024w, https:\/\/www.freunde-stadtbuecherei.de\/wp\/wp-content\/uploads\/2023\/06\/IMG_2752x-300x153.jpg 300w, https:\/\/www.freunde-stadtbuecherei.de\/wp\/wp-content\/uploads\/2023\/06\/IMG_2752x-768x391.jpg 768w, https:\/\/www.freunde-stadtbuecherei.de\/wp\/wp-content\/uploads\/2023\/06\/IMG_2752x-1536x783.jpg 1536w, https:\/\/www.freunde-stadtbuecherei.de\/wp\/wp-content\/uploads\/2023\/06\/IMG_2752x-2048x1044.jpg 2048w\" sizes=\"auto, (max-width: 1024px) 100vw, 1024px\" \/><\/figure>\n\n\n\n<p>Der Neubau am Spitalplatz ist seit April 2022 beschlossene Sache. Im November 2022 wurde der Vertrag mit dem General\u00fcbernehmer unterzeichnet. Die Fertigstellung ist f\u00fcr 2025 geplant. Wir danken allen Unterst\u00fctzern!<\/p>\n\n\n\n<p>Beitr\u00e4ge der Stadt zum B\u00fcchereineubau:<br><a rel=\"noreferrer noopener\" href=\"https:\/\/www.schorndorf.de\/de\/stadt-buerger\/aktuelles\/neubau-stadtbibliothek\/aktuelles\" target=\"_blank\">https:\/\/www.schorndorf.de\/de\/stadt-buerger\/aktuelles\/neubau-stadtbibliothek\/aktuelles<\/a>\u00a0<\/p>\n\n\n\n<p>Visualisierungen des Neubaus finden Sie hier:<br><a href=\"https:\/\/ifgroup.org\/de\/projekt\/11572\/stadtbuecherei-schorndorf\/?sector=22\">https:\/\/ifgroup.org\/de\/projekt\/11572\/stadtbuecherei-schorndorf\/?sector=22<\/a><\/p>\n\n\n\n<p>Alle hier ver\u00f6ffentlichten Beitr\u00e4ge zur neuen Stadtb\u00fccherei finden Sie mit Klick auf folgenden Link:<br><a href=\"https:\/\/www.freunde-stadtbuecherei.de\/wp\/?cat=10\">https:\/\/www.freunde-stadtbuecherei.de\/wp\/?cat=10<\/a><\/p>\n","protected":false},"excerpt":{"rendered":"<p>Der Neubau am Spitalplatz ist seit April 2022 beschlossene Sache. Im November 2022 wurde der Vertrag mit dem General\u00fcbernehmer unterzeichnet. <a class=\"more-link\" href=\"https:\/\/www.freunde-stadtbuecherei.de\/wp\/?page_id=67\">Weiterlesen\u00a0\u2026<\/a><\/p>\n","protected":false},"author":1,"featured_media":0,"parent":0,"menu_order":0,"comment_status":"closed","ping_status":"closed","template":"","meta":{"footnotes":""},"class_list":["post-67","page","type-page","status-publish","hentry"],"_links":{"self":[{"href":"https:\/\/www.freunde-stadtbuecherei.de\/wp\/index.php?rest_route=\/wp\/v2\/pages\/67","targetHints":{"allow":["GET"]}}],"collection":[{"href":"https:\/\/www.freunde-stadtbuecherei.de\/wp\/index.php?rest_route=\/wp\/v2\/pages"}],"about":[{"href":"https:\/\/www.freunde-stadtbuecherei.de\/wp\/index.php?rest_route=\/wp\/v2\/types\/page"}],"author":[{"embeddable":true,"href":"https:\/\/www.freunde-stadtbuecherei.de\/wp\/index.php?rest_route=\/wp\/v2\/users\/1"}],"replies":[{"embeddable":true,"href":"https:\/\/www.freunde-stadtbuecherei.de\/wp\/index.php?rest_route=%2Fwp%2Fv2%2Fcomments&post=67"}],"version-history":[{"count":9,"href":"https:\/\/www.freunde-stadtbuecherei.de\/wp\/index.php?rest_route=\/wp\/v2\/pages\/67\/revisions"}],"predecessor-version":[{"id":847,"href":"https:\/\/www.freunde-stadtbuecherei.de\/wp\/index.php?rest_route=\/wp\/v2\/pages\/67\/revisions\/847"}],"wp:attachment":[{"href":"https:\/\/www.freunde-stadtbuecherei.de\/wp\/index.php?rest_route=%2Fwp%2Fv2%2Fmedia&parent=67"}],"curies":[{"name":"wp","href":"https:\/\/api.w.org\/{rel}","templated":true}]}}